{"id":19,"date":"2020-10-04T14:58:54","date_gmt":"2020-10-04T14:58:54","guid":{"rendered":"https:\/\/zanshin.es\/?page_id=19"},"modified":"2021-04-20T23:18:43","modified_gmt":"2021-04-20T21:18:43","slug":"contacto","status":"publish","type":"page","link":"https:\/\/zanshin.es\/?page_id=19","title":{"rendered":"Contacto"},"content":{"rendered":"\r\n<p>Puedes venir a vernos al Gimnasio Valhalla donde Juan Antonio Quir\u00f3s imparte sus clases de Karate Do, Kobudo y Defensa Personal.<\/p>\r\n<p>Estamos en la Calle de Ram\u00f3n G\u00f3mez de la Serna, 99, 28035 Madrid. Metro m\u00e1s cercano Lacoma l\u00ednea 7<\/p>\r\n<p>BIOGRAF\u00cdA RESUMIDA<\/p>\r\n<p>Juan Antonio Quir\u00f3s Mart\u00ednez<\/p>\r\n<p>Fecha de nacimiento: 8 de Marzo de 1955<\/p>\r\n<p>Lugar de nacimiento: Madrid<br \/>Residencia: Madrid<br \/>Estilo: Shito-ryu.<\/p>\r\n<p>Profesi\u00f3n: Profesor de karate y Kobudo<\/p>\r\n<p>Grado: 8\u00ba Dan<\/p>\r\n<p>Desde joven comienza el aprendizaje de Karate con D. Luis Lafuente Aguilera (7\u00ba Dan de Shito Ryu), llevando en la actualidad m\u00e1s de 35 a\u00f1os de su pr\u00e1ctica. En la actualidad adem\u00e1s del grado recientemente obtenido posee los siguientes grados:<br \/>Cintur\u00f3n Negro 5\u00ba Dan de Kobudo (Asociaci\u00f3n Budo de Espa\u00f1a y World Kun-Tai-Ko Budo Association)<br \/>Cintur\u00f3n Negro 5\u00ba Dan en Ju Jutsu (World Kun-Tai-Ko Budo Association)<br \/>Cintur\u00f3n Negro 2\u00ba Dan de Tai Chi Chuan (Federaci\u00f3n Madrile\u00f1a de Karate)<br \/>Cintur\u00f3n Negro 2\u00ba Dan de Sambo-Keno (Federaci\u00f3n Espa\u00f1ola de Lucha)<br \/>Instructor de Chi Kung<br \/>Instructor de Defensa Personal<br \/>quirosHa realizado estudios de acupuntura, moxibusti\u00f3n, oligoelementos, Shiatsu, Doin, masaje, osteopat\u00eda, anatom\u00eda, biomec\u00e1nica, fisiolog\u00eda, iridolog\u00eda, filosof\u00eda y estudios de las religiones antiguas (oriental, occidental, americana y africana), preparaci\u00f3n f\u00edsica, musculaci\u00f3n, (en menor medida, posee conocimientos de Yoga, Psicolog\u00eda, alimentaci\u00f3n, fitoterapia, nutrici\u00f3n y suplementaci\u00f3n alimentaria) y Chi Kung (con m\u00e1s de veinte a\u00f1os de pr\u00e1ctica). Tambi\u00e9n ha estudiado diferentes m\u00e9todos de meditaci\u00f3n -Budista, Tao\u00edsta y otros, adem\u00e1s de ejercicios de control mental-, Kobudo (Bo, Sai, Tonfa, Nunchaku, Sansetsukon, Jo, Eku y Kama). Ha incorporado un arma nueva que no figuraba entre las tradicionales, que es palo corto, al que llam\u00f3 -como otro palo corto tradicional pero de diferente medida- Tambo. En Karate-Do ha entrenado y asistido a seminarios con maestros japoneses y okinawenses. Ha estudiado y practicado algunas de sus escuelas. Y, por \u00faltimo, ha realizado pr\u00e1cticas de Tenshin Shoden Katori Shinto Ryu y de Aikido. Tambi\u00e9n posee las titulaciones siguientes:<br \/>\u2013 Presidente y Fundador de la Asociaci\u00f3n de Budo Espa\u00f1ol (A.B.E)<br \/>\u2013 Entrenador Nacional<br \/>\u2013 Juez del Tribunal Nacional de Grados<br \/>\u2013 Juez de Katas<br \/>\u2013 \u00c1rbitro de Kumite<br \/>Dichos estudios, investigaciones y trabajos, tienen como principal inter\u00e9s fomentar la V\u00eda del Budo y ofrecerlo como un sistema de autoayuda. Juan Antonio aporta estos conocimientos junto con sus propios criterios y conclusiones para, como \u00e9l dice \u00abenriquecer su Karate\u00bb. Seg\u00fan \u00e9l mismo: \u00abtodas las disciplinas con coraz\u00f3n son caminos que llevan hacia la autorealizaci\u00f3n, y todas convergen en un mismo punto, aunque algunos vean a las escuelas de Artes Marciales diferentes y desconexas entre s\u00ed\u00bb. Imparte dichas nociones durante el desarrollo de sus clases y seminarios que realiza tanto en su Dojo Zanshin y Gimnasio Valhalla en Madrid, como en diversos puntos de la geograf\u00eda espa\u00f1ola.<br \/>Estas ense\u00f1anzas las denomina \u00abMetodolog\u00eda Zanshin, Karate Integral o Karate Hol\u00edstico\u00bb, ya que trata globalmente los diversos aspectos del ser humano a trav\u00e9s del Budo para intentar llegar a la autorealizaci\u00f3n -que, seg\u00fan \u00e9l, \u00abes la verdadera meta del Budo\u00bb-. Todo ello se basa en el Shin-Gi-Tai y en la ley de los cinco elementos del Tao (Madera, Fuego, Tierra, Metal y Agua, que relaciona con el Kobudo, Karate, Ju Jitsu, Chi Kung y Filosof\u00eda). Sus pr\u00e1cticas tratan de implicar de modo adecuado los planos f\u00edsico, energ\u00e9tico, emocional y mental, tratando de desarrollar la intuici\u00f3n o quinto elemento.infantiles<br \/>Es el autor de los libros Tomo I de Karate-Do (Posiciones, desplazamientos y defensas) publicado en 2002 y la continuaci\u00f3n Tomo II Tsuki Waza (Ataques directos) publicado en 2007.<br \/>Maestros japoneses y okinawenses con los que ha practicado y asistido a seminarios:<br \/>\u2013 Sooke Kenei Mabuni, 10\u00ba Dan de Shito Ryu.<br \/>\u2013 Sensei Nobuyoshi Murata, 8\u00ba Dan de Shito Ryu.<br \/>\u2013 Sensei Hidetoshi Nakahashi, 8\u00ba Dan de Shito Ryu.<br \/>\u2013 Sensei Yashunari Ishimi, 8\u00ba Dan de Shito Ryu.<br \/>\u2013 Sensei Choyu Hentona, 8\u00ba Dan de Okinawa Goju Ryu y 8\u00ba Dan de Okinawa Kobudo.<br \/>\u2013 Sensei Kanei, 8\u00ba Dan de Okinawa Goju Ryu y 9\u00ba Dan de Okinawa Kobudo.<br \/>\u2013 Sensei Kenyu Chinen, 8\u00ba Dan de Shorin Ryu y 8\u00ba Dan de Okinawa Kobudo.<br \/>\u2013 Sensei Yuichi Negishi, 7\u00ba Dan de Shito Ryu y Sooke de Shinkyoku Ryu Tai Jitsu.<br \/>\u2013 Sensei Morio Higaonna, 8\u00ba Dan de Okinawa Goju Ryu.<br \/>\u2013 Sensei Onaga, 6\u00ba Dan de Okinawa Goju Ryu.<br \/>\u2013 Sensei Taiji Kase, 8\u00ba Dan de Shotokan.<br \/>\u2013 Sensei Teruo Hayashi, 10\u00ba Dan de Hayashi Ha Shito Ryu y Dan de Kobudo.<br \/>\u2013 Sensei Suzuki, 8\u00ba Dan de Wado Ryu.<br \/>\u2013 Sensei Yosuke Yamashita, 8\u00ba Dan de Goju Kai.<br \/>\u2013 Sensei Atsuo Hiruma, 5\u00ba Dan de Shotokan-Shotokai.<br \/>\u2013 Sensei Toshio Tamano, 7\u00ba Dan de Shoreikan Okinawa Goju Ryu.<br \/>\u2013 Sensei Kitaura, 8\u00ba Dan de Aikido.- Sensei Tetsukata Sugawara, 7\u00ba Dan Aikikai, 5\u00ba Dan de Okinawa Goju Ryu.<\/p>\r\n","protected":false},"excerpt":{"rendered":"<p>Puedes venir a vernos al Gimnasio Valhalla donde Juan Antonio Quir\u00f3s imparte sus clases de Karate Do, Kobudo y Defensa Personal. Estamos en la Calle &hellip;<\/p>\n","protected":false},"author":18,"featured_media":548,"parent":0,"menu_order":0,"comment_status":"closed","ping_status":"closed","template":"","meta":{"footnotes":""},"class_list":["post-19","page","type-page","status-publish","has-post-thumbnail","hentry"],"yoast_head":"<!-- This site is optimized with the Yoast SEO plugin v15.2.1 - https:\/\/yoast.com\/wordpress\/plugins\/seo\/ -->\n<title>Contacto - ZANSHIN<\/title>\n<meta name=\"robots\" content=\"index, follow, max-snippet:-1, max-image-preview:large, max-video-preview:-1\" \/>\n<link rel=\"canonical\" href=\"https:\/\/zanshin.es\/?page_id=19\" \/>\n<meta property=\"og:locale\" content=\"es_ES\" \/>\n<meta property=\"og:type\" content=\"article\" \/>\n<meta property=\"og:title\" content=\"Contacto - ZANSHIN\" \/>\n<meta property=\"og:description\" content=\"Puedes venir a vernos al Gimnasio Valhalla donde Juan Antonio Quir\u00f3s imparte sus clases de Karate Do, Kobudo y Defensa Personal. Estamos en la Calle &hellip;\" \/>\n<meta property=\"og:url\" content=\"https:\/\/zanshin.es\/?page_id=19\" \/>\n<meta property=\"og:site_name\" content=\"ZANSHIN\" \/>\n<meta property=\"article:modified_time\" content=\"2021-04-20T21:18:43+00:00\" \/>\n<meta property=\"og:image\" content=\"https:\/\/zanshin.es\/wp-content\/uploads\/2020\/11\/dirgim.png\" \/>\n\t<meta property=\"og:image:width\" content=\"431\" \/>\n\t<meta property=\"og:image:height\" content=\"224\" \/>\n<meta name=\"twitter:card\" content=\"summary_large_image\" \/>\n<meta name=\"twitter:label1\" content=\"Escrito por\">\n\t<meta name=\"twitter:data1\" content=\"David Sanz\">\n\t<meta name=\"twitter:label2\" content=\"Tiempo de lectura\">\n\t<meta name=\"twitter:data2\" content=\"3 minutos\">\n<script type=\"application\/ld+json\" class=\"yoast-schema-graph\">{\"@context\":\"https:\/\/schema.org\",\"@graph\":[{\"@type\":\"WebSite\",\"@id\":\"https:\/\/zanshin.es\/#website\",\"url\":\"https:\/\/zanshin.es\/\",\"name\":\"ZANSHIN\",\"description\":\"KARATE DO - J. A. Quir\\u00f3s\",\"potentialAction\":[{\"@type\":\"SearchAction\",\"target\":\"https:\/\/zanshin.es\/?s={search_term_string}\",\"query-input\":\"required name=search_term_string\"}],\"inLanguage\":\"es\"},{\"@type\":\"ImageObject\",\"@id\":\"https:\/\/zanshin.es\/?page_id=19#primaryimage\",\"inLanguage\":\"es\",\"url\":\"https:\/\/zanshin.es\/wp-content\/uploads\/2020\/11\/dirgim.png\",\"width\":431,\"height\":224},{\"@type\":\"WebPage\",\"@id\":\"https:\/\/zanshin.es\/?page_id=19#webpage\",\"url\":\"https:\/\/zanshin.es\/?page_id=19\",\"name\":\"Contacto - ZANSHIN\",\"isPartOf\":{\"@id\":\"https:\/\/zanshin.es\/#website\"},\"primaryImageOfPage\":{\"@id\":\"https:\/\/zanshin.es\/?page_id=19#primaryimage\"},\"datePublished\":\"2020-10-04T14:58:54+00:00\",\"dateModified\":\"2021-04-20T21:18:43+00:00\",\"inLanguage\":\"es\",\"potentialAction\":[{\"@type\":\"ReadAction\",\"target\":[\"https:\/\/zanshin.es\/?page_id=19\"]}]}]}<\/script>\n<!-- \/ Yoast SEO plugin. -->","_links":{"self":[{"href":"https:\/\/zanshin.es\/index.php?rest_route=\/wp\/v2\/pages\/19","targetHints":{"allow":["GET"]}}],"collection":[{"href":"https:\/\/zanshin.es\/index.php?rest_route=\/wp\/v2\/pages"}],"about":[{"href":"https:\/\/zanshin.es\/index.php?rest_route=\/wp\/v2\/types\/page"}],"author":[{"embeddable":true,"href":"https:\/\/zanshin.es\/index.php?rest_route=\/wp\/v2\/users\/18"}],"replies":[{"embeddable":true,"href":"https:\/\/zanshin.es\/index.php?rest_route=%2Fwp%2Fv2%2Fcomments&post=19"}],"version-history":[{"count":3,"href":"https:\/\/zanshin.es\/index.php?rest_route=\/wp\/v2\/pages\/19\/revisions"}],"predecessor-version":[{"id":557,"href":"https:\/\/zanshin.es\/index.php?rest_route=\/wp\/v2\/pages\/19\/revisions\/557"}],"wp:featuredmedia":[{"embeddable":true,"href":"https:\/\/zanshin.es\/index.php?rest_route=\/wp\/v2\/media\/548"}],"wp:attachment":[{"href":"https:\/\/zanshin.es\/index.php?rest_route=%2Fwp%2Fv2%2Fmedia&parent=19"}],"curies":[{"name":"wp","href":"https:\/\/api.w.org\/{rel}","templated":true}]}}