{"id":193,"date":"2020-10-24T18:45:20","date_gmt":"2020-10-24T16:45:20","guid":{"rendered":"https:\/\/zanshin.es\/?page_id=193"},"modified":"2021-04-19T23:35:01","modified_gmt":"2021-04-19T21:35:01","slug":"proximamente","status":"publish","type":"page","link":"https:\/\/zanshin.es\/?page_id=193","title":{"rendered":"Pr\u00f3ximamente"},"content":{"rendered":"<p>El pr\u00f3ximo volumen en el que Juan Antonio est\u00e1 trabajando se encuentra en su fase final de edici\u00f3n y esperamos su salida en los pr\u00f3ximos meses !<\/p>\n","protected":false},"excerpt":{"rendered":"<p>El pr\u00f3ximo volumen en el que Juan Antonio est\u00e1 trabajando se encuentra en su fase final de edici\u00f3n y esperamos su salida en los pr\u00f3ximos &hellip;<\/p>\n","protected":false},"author":19,"featured_media":0,"parent":0,"menu_order":0,"comment_status":"closed","ping_status":"closed","template":"","meta":{"footnotes":""},"class_list":["post-193","page","type-page","status-publish","hentry"],"yoast_head":"<!-- This site is optimized with the Yoast SEO plugin v15.2.1 - https:\/\/yoast.com\/wordpress\/plugins\/seo\/ -->\n<title>Pr\u00f3ximamente - ZANSHIN<\/title>\n<meta name=\"robots\" content=\"index, follow, max-snippet:-1, max-image-preview:large, max-video-preview:-1\" \/>\n<link rel=\"canonical\" href=\"https:\/\/zanshin.es\/?page_id=193\" \/>\n<meta property=\"og:locale\" content=\"es_ES\" \/>\n<meta property=\"og:type\" content=\"article\" \/>\n<meta property=\"og:title\" content=\"Pr\u00f3ximamente - ZANSHIN\" \/>\n<meta property=\"og:description\" content=\"El pr\u00f3ximo volumen en el que Juan Antonio est\u00e1 trabajando se encuentra en su fase final de edici\u00f3n y esperamos su salida en los pr\u00f3ximos &hellip;\" \/>\n<meta property=\"og:url\" content=\"https:\/\/zanshin.es\/?page_id=193\" \/>\n<meta property=\"og:site_name\" content=\"ZANSHIN\" \/>\n<meta property=\"article:modified_time\" content=\"2021-04-19T21:35:01+00:00\" \/>\n<meta name=\"twitter:card\" content=\"summary_large_image\" \/>\n<meta name=\"twitter:label1\" content=\"Escrito por\">\n\t<meta name=\"twitter:data1\" content=\"David Fraile\">\n\t<meta name=\"twitter:label2\" content=\"Tiempo de lectura\">\n\t<meta name=\"twitter:data2\" content=\"0 minutos\">\n<script type=\"application\/ld+json\" class=\"yoast-schema-graph\">{\"@context\":\"https:\/\/schema.org\",\"@graph\":[{\"@type\":\"WebSite\",\"@id\":\"https:\/\/zanshin.es\/#website\",\"url\":\"https:\/\/zanshin.es\/\",\"name\":\"ZANSHIN\",\"description\":\"KARATE DO - J. A. Quir\\u00f3s\",\"potentialAction\":[{\"@type\":\"SearchAction\",\"target\":\"https:\/\/zanshin.es\/?s={search_term_string}\",\"query-input\":\"required name=search_term_string\"}],\"inLanguage\":\"es\"},{\"@type\":\"WebPage\",\"@id\":\"https:\/\/zanshin.es\/?page_id=193#webpage\",\"url\":\"https:\/\/zanshin.es\/?page_id=193\",\"name\":\"Pr\\u00f3ximamente - ZANSHIN\",\"isPartOf\":{\"@id\":\"https:\/\/zanshin.es\/#website\"},\"datePublished\":\"2020-10-24T16:45:20+00:00\",\"dateModified\":\"2021-04-19T21:35:01+00:00\",\"inLanguage\":\"es\",\"potentialAction\":[{\"@type\":\"ReadAction\",\"target\":[\"https:\/\/zanshin.es\/?page_id=193\"]}]}]}<\/script>\n<!-- \/ Yoast SEO plugin. -->","_links":{"self":[{"href":"https:\/\/zanshin.es\/index.php?rest_route=\/wp\/v2\/pages\/193","targetHints":{"allow":["GET"]}}],"collection":[{"href":"https:\/\/zanshin.es\/index.php?rest_route=\/wp\/v2\/pages"}],"about":[{"href":"https:\/\/zanshin.es\/index.php?rest_route=\/wp\/v2\/types\/page"}],"author":[{"embeddable":true,"href":"https:\/\/zanshin.es\/index.php?rest_route=\/wp\/v2\/users\/19"}],"replies":[{"embeddable":true,"href":"https:\/\/zanshin.es\/index.php?rest_route=%2Fwp%2Fv2%2Fcomments&post=193"}],"version-history":[{"count":2,"href":"https:\/\/zanshin.es\/index.php?rest_route=\/wp\/v2\/pages\/193\/revisions"}],"predecessor-version":[{"id":566,"href":"https:\/\/zanshin.es\/index.php?rest_route=\/wp\/v2\/pages\/193\/revisions\/566"}],"wp:attachment":[{"href":"https:\/\/zanshin.es\/index.php?rest_route=%2Fwp%2Fv2%2Fmedia&parent=193"}],"curies":[{"name":"wp","href":"https:\/\/api.w.org\/{rel}","templated":true}]}}